{"id":322,"date":"2017-08-06T13:26:44","date_gmt":"2017-08-06T13:26:44","guid":{"rendered":"http:\/\/codeless.co\/handel\/corporate?page_id=322"},"modified":"2022-02-06T11:51:35","modified_gmt":"2022-02-06T08:51:35","slug":"contact_us","status":"publish","type":"page","link":"https:\/\/narimanovbelediyyesi.az\/site3\/contact_us\/","title":{"rendered":"B\u0130Z\u018f YAZIN"},"content":{"rendered":"<p>[cl_row background_color=&#8221;#28406d&#8221; background_position=&#8221;center center&#8221;][cl_column background_color=&#8221;rgba(237,237,237,0.89)&#8221; horizontal_align=&#8221;middle&#8221;][cl_text]<\/p>\n<div role=\"form\" class=\"wpcf7\" id=\"wpcf7-f9-o1\" lang=\"ru-RU\" dir=\"ltr\">\n<div class=\"screen-reader-response\"><p role=\"status\" aria-live=\"polite\" aria-atomic=\"true\"><\/p> <ul><\/ul><\/div>\n<form action=\"\/site3\/wp-json\/wp\/v2\/pages\/322#wpcf7-f9-o1\" method=\"post\" class=\"wpcf7-form init\" novalidate=\"novalidate\" data-status=\"init\">\n<div style=\"display: none;\">\n<input type=\"hidden\" name=\"_wpcf7\" value=\"9\" \/>\n<input type=\"hidden\" name=\"_wpcf7_version\" value=\"5.5.4\" \/>\n<input type=\"hidden\" name=\"_wpcf7_locale\" value=\"ru_RU\" \/>\n<input type=\"hidden\" name=\"_wpcf7_unit_tag\" value=\"wpcf7-f9-o1\" \/>\n<input type=\"hidden\" name=\"_wpcf7_container_post\" value=\"0\" \/>\n<input type=\"hidden\" name=\"_wpcf7_posted_data_hash\" value=\"\" \/>\n<\/div>\n<p>(D\u0130QQ\u018fT! B\u00fct\u00fcn xanalar m\u00fctl\u0259q doldurulmal\u0131d\u0131r)<\/p>\n<p><label> Ad v\u0259 Soyad\u0131n\u0131z *<br \/>\n    <span class=\"wpcf7-form-control-wrap your-name\"><input type=\"text\" name=\"your-name\" value=\"\" size=\"40\" class=\"wpcf7-form-control wpcf7-text wpcf7-validates-as-required\" aria-required=\"true\" aria-invalid=\"false\" \/><\/span> <\/label><\/p>\n<p><label> E-mail \u00fcnvan\u0131n\u0131z *<br \/>\n    <span class=\"wpcf7-form-control-wrap your-email\"><input type=\"email\" name=\"your-email\" value=\"\" size=\"40\" class=\"wpcf7-form-control wpcf7-text wpcf7-email wpcf7-validates-as-required wpcf7-validates-as-email\" aria-required=\"true\" aria-invalid=\"false\" \/><\/span> <\/label><\/p>\n<p><label>Telefon n\u00f6mr\u0259niz *<br \/>\n<span class=\"wpcf7-form-control-wrap tel-316\"><input type=\"tel\" name=\"tel-316\" value=\"\" size=\"40\" class=\"wpcf7-form-control wpcf7-text wpcf7-tel wpcf7-validates-as-required wpcf7-validates-as-tel\" aria-required=\"true\" aria-invalid=\"false\" \/><\/span> <\/label><\/p>\n<p><label>M\u0259ktub kim\u0259 \u00fcnvanlans\u0131n?<br \/>\n<span class=\"wpcf7-form-control-wrap your-recipient\"><select name=\"your-recipient\" class=\"wpcf7-form-control wpcf7-select\" aria-invalid=\"false\"><option value=\"S\u0259dr\">S\u0259dr<\/option><option value=\"\u00dcm\u00fcmi \u015f\u00f6b\u0259\">\u00dcm\u00fcmi \u015f\u00f6b\u0259<\/option><\/select><\/span><\/label><\/p>\n<p><label> M\u00f6vzu *<br \/>\n    <span class=\"wpcf7-form-control-wrap your-subject\"><input type=\"text\" name=\"your-subject\" value=\"\" size=\"40\" class=\"wpcf7-form-control wpcf7-text wpcf7-validates-as-required\" aria-required=\"true\" aria-invalid=\"false\" \/><\/span> <\/label><\/p>\n<p><label> Mesaj\u0131n\u0131z *<br \/>\n    <span class=\"wpcf7-form-control-wrap your-message\"><textarea name=\"your-message\" cols=\"40\" rows=\"10\" class=\"wpcf7-form-control wpcf7-textarea wpcf7-validates-as-required\" aria-required=\"true\" aria-invalid=\"false\"><\/textarea><\/span> <\/label><\/p>\n<p><input type=\"submit\" value=\"G\u00f6nd\u0259r\" class=\"wpcf7-form-control has-spinner wpcf7-submit\" \/><\/p>\n<div class=\"wpcf7-response-output\" aria-hidden=\"true\"><\/div><input type=\"hidden\" value=\"no\" id=\"cf7-calculator-enable\" ><input type=\"hidden\" value=\"2\" id=\"cf7-calculator-decimals\" ><input type=\"hidden\" value=\".\" id=\"cf7-calculator-separator\" ><input type=\"hidden\" value=\",\" id=\"cf7-calculator-thousand\" ><input type=\"hidden\" value=\"yes\" id=\"cf7-calculator-right\" ><input type=\"hidden\" value=\"\" id=\"cf7-calculator-currency\" ><input type=\"hidden\" value=\"yes\" id=\"cf7-calculator-currency_position\" >\r\n            <style type=\"text\/css\" >\r\n                .cf7-hide {\r\n                    display: none !important;\r\n                }\r\n                .cf7-calculated-name {\r\n                    width: 100%;\r\n                    display: inline-block;\r\n                }\r\n            <\/style>\r\n            <style type=\"text\/css\" >\r\n                .ctf7-total, .cf7-calculated-name {\r\n                    text-align: right !important;\r\n                }\r\n\r\n            <\/style><\/form><\/div>\n<p>[\/cl_text][\/cl_column][\/cl_row]<\/p>\n","protected":false},"excerpt":{"rendered":"<p>[cl_row background_color=&#8221;#28406d&#8221; background_position=&#8221;center center&#8221;][cl_column background_color=&#8221;rgba(237,237,237,0.89)&#8221; horizontal_align=&#8221;middle&#8221;][cl_text] [\/cl_text][\/cl_column][\/cl_row]<\/p>\n","protected":false},"author":1,"featured_media":0,"parent":0,"menu_order":0,"comment_status":"closed","ping_status":"closed","template":"","meta":[],"_links":{"self":[{"href":"https:\/\/narimanovbelediyyesi.az\/site3\/wp-json\/wp\/v2\/pages\/322"}],"collection":[{"href":"https:\/\/narimanovbelediyyesi.az\/site3\/wp-json\/wp\/v2\/pages"}],"about":[{"href":"https:\/\/narimanovbelediyyesi.az\/site3\/wp-json\/wp\/v2\/types\/page"}],"author":[{"embeddable":true,"href":"https:\/\/narimanovbelediyyesi.az\/site3\/wp-json\/wp\/v2\/users\/1"}],"replies":[{"embeddable":true,"href":"https:\/\/narimanovbelediyyesi.az\/site3\/wp-json\/wp\/v2\/comments?post=322"}],"version-history":[{"count":25,"href":"https:\/\/narimanovbelediyyesi.az\/site3\/wp-json\/wp\/v2\/pages\/322\/revisions"}],"predecessor-version":[{"id":1730,"href":"https:\/\/narimanovbelediyyesi.az\/site3\/wp-json\/wp\/v2\/pages\/322\/revisions\/1730"}],"wp:attachment":[{"href":"https:\/\/narimanovbelediyyesi.az\/site3\/wp-json\/wp\/v2\/media?parent=322"}],"curies":[{"name":"wp","href":"https:\/\/api.w.org\/{rel}","templated":true}]}}