{"id":318,"date":"2017-08-06T13:26:07","date_gmt":"2017-08-06T13:26:07","guid":{"rendered":"http:\/\/codeless.co\/handel\/corporate?page_id=318"},"modified":"2022-02-09T02:51:12","modified_gmt":"2022-02-08T23:51:12","slug":"narimanovdistrict","status":"publish","type":"page","link":"https:\/\/narimanovbelediyyesi.az\/site3\/narimanovdistrict\/","title":{"rendered":"N\u018fR\u0130MANOV RAYONU"},"content":{"rendered":"<p style=\"text-align: left;\"><img loading=\"lazy\" class=\"alignnone wp-image-1573 size-large\" src=\"https:\/\/narimanovbelediyyesi.az\/site3\/wp-content\/uploads\/2022\/02\/test-1024x768.jpg\" alt=\"\" width=\"1024\" height=\"768\" srcset=\"https:\/\/narimanovbelediyyesi.az\/wp-content\/uploads\/2022\/02\/test-1024x768.jpg 1024w, https:\/\/narimanovbelediyyesi.az\/wp-content\/uploads\/2022\/02\/test-300x225.jpg 300w, https:\/\/narimanovbelediyyesi.az\/wp-content\/uploads\/2022\/02\/test-768x576.jpg 768w, https:\/\/narimanovbelediyyesi.az\/wp-content\/uploads\/2022\/02\/test.jpg 1280w\" sizes=\"(max-width: 1024px) 100vw, 1024px\" \/><\/p>\n<p><span style=\"color: #000000;\">Bak\u0131 \u015f\u0259h\u0259rinin m\u0259rk\u0259zi rayonlar\u0131ndan biri olan N\u0259rimanov rayonunun inzibati \u0259razisi 24,5 kv.km., \u0259halisi is\u0259 20.11.2020-cu il tarix\u0259 r\u0259smi qeydiyyatda 179800 n\u0259f\u0259rdir.<\/span><\/p>\n<p><span style=\"color: #000000;\">N\u0259rimanov rayonunun yarad\u0131lmas\u0131n\u0131n \u0259sas\u0131 1941-ci ild\u0259 qoyulmu\u015fdur. 1941-ci ilin yanvar ay\u0131nda Ke\u015fl\u0259 rayonu Z\u0259hm\u0259tke\u015f Deputatlar\u0131 Soveti \u0130craiyy\u0259 Komit\u0259si yarad\u0131lm\u0131\u015f, 1957-ci ilin avqust ay\u0131nda is\u0259 Ke\u015fl\u0259 rayonunun ad\u0131 d\u0259yi\u015fdiril\u0259r\u0259k N\u0259rimanov rayon Z\u0259hm\u0259tke\u015f Deputatlar\u0131 Soveti \u0130craiyy\u0259 Komit\u0259si adland\u0131r\u0131lm\u0131\u015fd\u0131r.<\/span><\/p>\n<p><span style=\"color: #000000;\">1959-cu ilin dekabr ay\u0131nda Dzerjinski rayonu l\u0259\u011fv edilmi\u015f v\u0259 onun \u0259razisi 1960-c\u0131 ilin yanvar ay\u0131ndan N\u0259rimanov rayonuna daxil edilmi\u015fdir. 27 avqust 1957-ci ild\u0259n 6 oktyabr 1977-ci il\u0259d\u0259k N\u0259rimanov rayonu Z\u0259hm\u0259tke\u015f Deputatlar\u0131 Soveti \u0130craiyy\u0259 Komit\u0259si, 7 oktyabr 1977-ci ild\u0259n 17 oktyabr 1991-ci il\u0259d\u0259k N\u0259rimanov rayon Xalq Deputatlar\u0131 Soveti \u0130craiyy\u0259 Komit\u0259si kimi f\u0259aliyy\u0259t g\u00f6st\u0259rmi\u015fdir. Az\u0259rbaycan Respublikas\u0131 Prezidentinin 18 oktyabr 1991-ci il tarixli F\u0259rman\u0131na \u0259sas\u0259n N\u0259rimanov rayon Xalq Deputatlar\u0131 Soveti l\u0259\u011fv edilmi\u015f, onun \u0259v\u0259zind\u0259 N\u0259rimanov Rayon \u0130cra Hakimiyy\u0259ti yarad\u0131lm\u0131\u015f v\u0259 bu adla 20 noyabr 1991-ci ild\u0259n f\u0259aliyy\u0259t g\u00f6st\u0259rir.<\/span><br \/>\n<span style=\"color: #000000;\">N\u0259rimanov rayonu \u0259razisind\u0259 3 Sah\u0259 \u0130nzibati \u018frazi Dair\u0259si v\u0259 N\u0259rimanov B\u0259l\u0259diyy\u0259si f\u0259aliyy\u0259t g\u00f6st\u0259rir.<\/span><\/p>\n<p><span style=\"color: #000000;\">Rayon \u0259razisind\u0259 22 iri s\u0259naye m\u00fc\u0259ssis\u0259si, 6 Elmi T\u0259dqiqat v\u0259 Layih\u0259 \u0130nstitutu, 10 bank v\u0259 onlar\u0131n filiallar\u0131, 9 rabit\u0259 m\u00fc\u0259ssis\u0259si, 4 mehmanxana f\u0259aliyy\u0259t g\u00f6st\u0259rir.<\/span><\/p>\n<p><span style=\"color: #000000;\">\u0130\u015f\u00e7il\u0259rin say\u0131na g\u00f6r\u0259 \u0259n iri m\u00fc\u0259ssis\u0259 \u00ab Baku Steel Company\u00bb, \u0259razisin\u0259 g\u00f6r\u0259 is\u0259 \u0259n iri m\u00fc\u0259ssis\u0259 \u00ab Bak\u0131 Kondisioneri\u00bb ASC-dir.<\/span><\/p>\n<p><span style=\"color: #000000;\">Rayon \u0259razisind\u0259 8 ali m\u0259kt\u0259b, 22 orta m\u0259kt\u0259b, 3 lisey, 34 u\u015faq ba\u011f\u00e7as\u0131, 27 s\u0259hiyy\u0259 m\u00fc\u0259ssis\u0259si, 9 x\u0259st\u0259xana, 4 tarixi abid\u0259 yerl\u0259\u015fir. \u018fhalinin istirah\u0259ti v\u0259 asud\u0259 vaxt\u0131n\u0131n s\u0259m\u0259r\u0259li ke\u00e7irilm\u0259si m\u0259qs\u0259di il\u0259 rayonda 4 istirah\u0259t park\u0131, 1 m\u0259d\u0259niyy\u0259t saray\u0131, 1 kinoteatr, 5 kitabxana(kitab fondu &#8211; 348183) f\u0259aliyy\u0259t g\u00f6st\u0259rir. B\u00fct\u00fcn bunlardan \u0259lav\u0259 Bak\u0131 Heyvanat Park\u0131, Milli Olimpiya Komit\u0259si, T.B\u0259hramov ad\u0131na Respublika Stadionu da N\u0259rimanov rayonunun \u0259raisind\u0259 f\u0259liyy\u0259t g\u00f6st\u0259rir.<\/span><\/p>\n<p><span style=\"color: #000000;\">Habel\u0259 rayonda 15 siyasi partiyan\u0131n m\u0259rk\u0259zi q\u0259rargah\u0131, 32 ictimai t\u0259\u015fkilat v\u0259 birlik, 7 dini icma f\u0259aliyy\u0259t g\u00f6st\u0259rir. Rayonda h\u0259m\u00e7inin 86 n\u0259f\u0259r Qaraba\u011f M\u00fcharib\u0259si Veteran\u0131, 305 n\u0259f\u0259r B\u00f6y\u00fck V\u0259t\u0259n M\u00fcharib\u0259si Veteran\u0131, 12000 n\u0259f\u0259r \u018fm\u0259k Veteran\u0131, 2 n\u0259f\u0259r Sosialist \u018fm\u0259yi Q\u0259hr\u0259man\u0131, 29 n\u0259f\u0259r qocaman v\u0259 \u0259m\u0259kdar m\u00fc\u0259llim, 5 n\u0259f\u0259r Prezident t\u0259qa\u00fcd\u00e7\u00fcs\u00fc ya\u015fay\u0131r.<\/span><\/p>\n<p><span style=\"color: #000000;\">Da\u011fl\u0131q Qaraba\u011f v\u0259 dig\u0259r i\u015f\u011fal olunmu\u015f \u0259razil\u0259rd\u0259n 3606 ail\u0259 (14645 n\u0259f\u0259r) m\u00fcv\u0259qq\u0259ti m\u0259skunla\u015fm\u0131\u015fd\u0131r.<\/span><\/p>\n<p><span style=\"color: #000000;\">N\u0259rimanov Rayon \u0130cra Hakimiyy\u0259ti \u00f6z f\u0259aliyy\u0259tini Az\u0259rbaycan Respublikas\u0131 Prezidentinin 6 iyun 2012-ci il tarixli, 648 n\u00f6mr\u0259li F\u0259rman\u0131 il\u0259 t\u0259sdiq olunmu\u015f \u00abYerli \u0130cra Hakimiyy\u0259ti haqq\u0131nda \u018fsasnam\u0259\u00bby\u0259, \u00abD\u00f6vl\u0259t qullu\u011fu haqq\u0131nda\u00bb Az\u0259rbaycan Respublikas\u0131 Qanununa, Az\u0259rbaycan Respublikas\u0131n\u0131n Prezidenti c\u0259nab \u0130lham \u018fliyevin F\u0259rman v\u0259 S\u0259r\u0259ncamlar\u0131na m\u00fcvafiq olaraq h\u0259yata ke\u00e7irir.<\/span><\/p>\n<p><span style=\"color: #000000;\">N\u0259rimanov Rayon \u0130cra Hakimiyy\u0259ti ba\u015f\u00e7\u0131s\u0131n\u0131n 06.09.1993-c\u00fc il tarixli, 1751 n\u00f6mr\u0259li S\u0259r\u0259ncam\u0131 il\u0259 Rayon \u0130cra Hakimiyy\u0259ti ba\u015f\u00e7\u0131s\u0131n\u0131n Kabineti f\u0259aliyy\u0259t g\u00f6st\u0259rmi\u015fdir. Az\u0259rbaycan Respublikas\u0131 Prezidentinin 6 iyun 2012-ci il tarixli, 648 n\u00f6mr\u0259li F\u0259rman\u0131 il\u0259 t\u0259sdiq edilmi\u015f \u00abYerli icra hakimiyy\u0259ti haqq\u0131nda \u018fsasnam\u0259\u00bbnin 9-cu madd\u0259sin\u0259 uy\u011fun olaraq N\u0259rimanov Rayon \u0130cra Hakimiyy\u0259ti ba\u015f\u00e7\u0131s\u0131n\u0131n 03.08.1999-cu il tarixli, 594 sayl\u0131 S\u0259r\u0259ncam\u0131 il\u0259 \u0130cra Hakimiyy\u0259ti ba\u015f\u00e7\u0131s\u0131 yan\u0131nda \u015eura yarad\u0131lm\u0131\u015f v\u0259 \u018fsasnam\u0259si t\u0259sdiq edilmi\u015fdir. \u0130cra Hakimiyy\u0259tinin Ba\u015f\u00e7\u0131s\u0131 yan\u0131nda \u015euran\u0131n iclaslar\u0131 \u00abYerli \u0130cra Hakimiyy\u0259ti haqq\u0131nda \u018fsasnam\u0259\u00bby\u0259 uy\u011fun olaraq ayda bir d\u0259f\u0259d\u0259n az olmayaraq ke\u00e7irilir. \u0130cra Hakimiyy\u0259ti ba\u015f\u00e7\u0131s\u0131n\u0131n yan\u0131nda daimi m\u0259\u015fv\u0259r\u0259t\u00e7i orqan olan \u015euran\u0131n yarad\u0131lmas\u0131 rayonun iqtisadi, sosial, m\u0259d\u0259ni v\u0259 dig\u0259r yerli m\u0259s\u0259l\u0259l\u0259rin\u0259 bax\u0131l\u0131b m\u00fczakir\u0259 edilm\u0259si v\u0259 onlar\u0131n h\u0259llin\u0259 dair konkret t\u0259klifl\u0259rin haz\u0131rlanmas\u0131 m\u0259qs\u0259di da\u015f\u0131y\u0131r. M\u00fczakir\u0259 olunmu\u015f m\u0259s\u0259l\u0259l\u0259r \u00fczr\u0259 ir\u0259li s\u00fcr\u00fclm\u00fc\u015f t\u0259klif v\u0259 t\u00f6vsiy\u0259l\u0259r \u0259sas\u0131nda \u015euran\u0131n q\u0259rarlar\u0131, z\u0259ruri hallarda is\u0259 Rayon \u0130cra Hakimiyy\u0259ti ba\u015f\u00e7\u0131s\u0131n\u0131n S\u0259r\u0259ncamlar\u0131 verilir. Haz\u0131rda N\u0259rimanov Rayon \u0130cra Hakimiyy\u0259ti ba\u015f\u00e7\u0131s\u0131 yan\u0131nda \u015euran\u0131n t\u0259rkibi 10 n\u0259f\u0259rd\u0259n ibar\u0259tdir. Rayon \u0130cra Hakimiyy\u0259tinin ba\u015f\u00e7\u0131s\u0131, birinci m\u00fcavini v\u0259 2 m\u00fcavini, Rayon Maliyy\u0259 \u0130dar\u0259sinin r\u0259isi, 3 n\u0259f\u0259r rayonun h\u00fcquq-m\u00fchafiz\u0259 orqanlar\u0131n\u0131n r\u0259hb\u0259rl\u0259ri, habel\u0259 2 n\u0259f\u0259r iri, qabac\u0131l s\u0259naye m\u00fc\u0259ssis\u0259l\u0259rinin r\u0259hb\u0259rl\u0259ri \u015euran\u0131n hey\u0259tind\u0259dirl\u0259r. \u015eura i\u015fini t\u0259sdiq olunmu\u015f i\u015f plan\u0131na \u0259sas\u0259n qurur.<\/span><\/p>\n<p><span style=\"color: #000000;\">N\u0259rimanov rayonu \u0259razisind\u0259 3 Se\u00e7ki Dair\u0259si -18 sayl\u0131 N\u0259rimanov-Nizami, 19 sayl\u0131 N\u0259rimanov birinci v\u0259 20 sayl\u0131 N\u0259rimanov ikinci Se\u00e7ki Dair\u0259l\u0259ri \u00fczr\u0259 70 m\u0259nt\u0259q\u0259 se\u00e7ki komissiyalar\u0131 f\u0259aliyy\u0259t g\u00f6st\u0259rir. \u00abS\u0259rb\u0259st topla\u015fmaq azadl\u0131\u011f\u0131 haqq\u0131nda\u00bb Az\u0259rbaycan Respublikas\u0131 Qanununu r\u0259hb\u0259r tutaraq se\u00e7kil\u0259r\u0259 haz\u0131rl\u0131q d\u00f6vr\u00fcnd\u0259 t\u0259bli\u011fat v\u0259 t\u0259\u015fviqat i\u015fl\u0259rinin t\u0259\u015fkili m\u0259qs\u0259di il\u0259 N\u0259rimanov rayonu \u0259razisind\u0259 f\u0259aliyy\u0259t g\u00f6st\u0259r\u0259n se\u00e7ki dair\u0259l\u0259rinin h\u00fcdudlar\u0131 daxilind\u0259 namiz\u0259dl\u0259rin se\u00e7icil\u0259rl\u0259 g\u00f6r\u00fc\u015fl\u0259rinin ke\u00e7irilm\u0259si \u00fc\u00e7\u00fcn a\u00e7\u0131q v\u0259 qapal\u0131 yerl\u0259rin, habel\u0259 t\u0259\u015fviqat apar\u0131lmas\u0131 \u00fc\u00e7\u00fcn yerl\u0259rin siyah\u0131s\u0131 m\u00fc\u0259yy\u0259nl\u0259\u015fdirlib Rayon \u0130cra Hakimiyy\u0259ti ba\u015f\u00e7\u0131s\u0131n\u0131n m\u00fcvafiq S\u0259r\u0259ncam\u0131 il\u0259 t\u0259sdiq olunmu\u015fdur.<br \/>\n<\/span><\/p>\n<hr \/>\n<p>&nbsp;<\/p>\n<p>&nbsp;<\/p>\n","protected":false},"excerpt":{"rendered":"<p>Bak\u0131 \u015f\u0259h\u0259rinin m\u0259rk\u0259zi rayonlar\u0131ndan biri olan N\u0259rimanov rayonunun inzibati \u0259razisi 24,5 kv.km., \u0259halisi is\u0259 20.11.2020-cu il tarix\u0259 r\u0259smi qeydiyyatda 179800 n\u0259f\u0259rdir. N\u0259rimanov rayonunun yarad\u0131lmas\u0131n\u0131n \u0259sas\u0131 1941-ci ild\u0259 qoyulmu\u015fdur. 1941-ci ilin yanvar ay\u0131nda Ke\u015fl\u0259 rayonu Z\u0259hm\u0259tke\u015f Deputatlar\u0131 Soveti \u0130craiyy\u0259 Komit\u0259si yarad\u0131lm\u0131\u015f, 1957-ci ilin avqust ay\u0131nda is\u0259 Ke\u015fl\u0259 rayonunun ad\u0131 d\u0259yi\u015fdiril\u0259r\u0259k N\u0259rimanov rayon Z\u0259hm\u0259tke\u015f Deputatlar\u0131 Soveti \u0130craiyy\u0259 Komit\u0259si adland\u0131r\u0131lm\u0131\u015fd\u0131r. 1959-cu ilin dekabr ay\u0131nda Dzerjinski [&hellip;]<\/p>\n","protected":false},"author":1,"featured_media":0,"parent":0,"menu_order":0,"comment_status":"closed","ping_status":"closed","template":"","meta":[],"_links":{"self":[{"href":"https:\/\/narimanovbelediyyesi.az\/site3\/wp-json\/wp\/v2\/pages\/318"}],"collection":[{"href":"https:\/\/narimanovbelediyyesi.az\/site3\/wp-json\/wp\/v2\/pages"}],"about":[{"href":"https:\/\/narimanovbelediyyesi.az\/site3\/wp-json\/wp\/v2\/types\/page"}],"author":[{"embeddable":true,"href":"https:\/\/narimanovbelediyyesi.az\/site3\/wp-json\/wp\/v2\/users\/1"}],"replies":[{"embeddable":true,"href":"https:\/\/narimanovbelediyyesi.az\/site3\/wp-json\/wp\/v2\/comments?post=318"}],"version-history":[{"count":5,"href":"https:\/\/narimanovbelediyyesi.az\/site3\/wp-json\/wp\/v2\/pages\/318\/revisions"}],"predecessor-version":[{"id":1428,"href":"https:\/\/narimanovbelediyyesi.az\/site3\/wp-json\/wp\/v2\/pages\/318\/revisions\/1428"}],"wp:attachment":[{"href":"https:\/\/narimanovbelediyyesi.az\/site3\/wp-json\/wp\/v2\/media?parent=318"}],"curies":[{"name":"wp","href":"https:\/\/api.w.org\/{rel}","templated":true}]}}